
{"id":994,"date":"2022-03-18T17:34:53","date_gmt":"2022-03-18T22:34:53","guid":{"rendered":"https:\/\/getloudarkansas.org\/haga-un-plan-para-votar\/"},"modified":"2022-08-22T22:13:08","modified_gmt":"2022-08-23T03:13:08","slug":"haga-un-plan-para-votar","status":"publish","type":"page","link":"https:\/\/getloudarkansas.org\/es\/haga-un-plan-para-votar\/","title":{"rendered":"Haga un plan para votar"},"content":{"rendered":"[vc_row type=&#8221;full_width_background&#8221; full_screen_row_position=&#8221;middle&#8221; column_margin=&#8221;default&#8221; column_direction=&#8221;default&#8221; column_direction_tablet=&#8221;default&#8221; column_direction_phone=&#8221;default&#8221; bg_color=&#8221;#cdebec&#8221; bg_image=&#8221;615&#8243; bg_position=&#8221;left top&#8221; background_image_loading=&#8221;default&#8221; bg_repeat=&#8221;no-repeat&#8221; scene_position=&#8221;center&#8221; top_padding=&#8221;10%&#8221; bottom_padding=&#8221;6%&#8221; top_padding_tablet=&#8221;14%&#8221; bottom_padding_tablet=&#8221;10%&#8221; top_padding_phone=&#8221;15%&#8221; constrain_group_5=&#8221;yes&#8221; bottom_padding_phone=&#8221;15%&#8221; top_margin=&#8221;150px&#8221; text_color=&#8221;light&#8221; text_align=&#8221;left&#8221; row_border_radius=&#8221;none&#8221; row_border_radius_applies=&#8221;bg&#8221; overflow=&#8221;visible&#8221; enable_gradient=&#8221;true&#8221; color_overlay=&#8221;rgba(10,10,10,0.2)&#8221; color_overlay_2=&#8221;#2a73ba&#8221; advanced_gradient_angle=&#8221;0&#8243; overlay_strength=&#8221;1&#8243; gradient_direction=&#8221;left_to_right&#8221; shape_divider_color=&#8221;#cdebec&#8221; shape_divider_position=&#8221;top&#8221; shape_divider_height=&#8221;30&#8243; shape_divider_bring_to_front=&#8221;true&#8221; bg_image_animation=&#8221;none&#8221; gradient_type=&#8221;default&#8221; shape_type=&#8221;curve&#8221;][vc_column column_padding=&#8221;no-extra-padding&#8221; column_padding_tablet=&#8221;inherit&#8221; column_padding_phone=&#8221;inherit&#8221; column_padding_position=&#8221;all&#8221; column_element_spacing=&#8221;default&#8221; background_color_opacity=&#8221;1&#8243; background_hover_color_opacity=&#8221;1&#8243; column_shadow=&#8221;none&#8221; column_border_radius=&#8221;none&#8221; column_link_target=&#8221;_self&#8221; column_position=&#8221;default&#8221; gradient_direction=&#8221;left_to_right&#8221; overlay_strength=&#8221;0.3&#8243; width=&#8221;1\/1&#8243; tablet_width_inherit=&#8221;default&#8221; tablet_text_alignment=&#8221;default&#8221; phone_text_alignment=&#8221;default&#8221; animation_type=&#8221;default&#8221; bg_image_animation=&#8221;none&#8221; border_type=&#8221;simple&#8221; column_border_width=&#8221;none&#8221; column_border_style=&#8221;solid&#8221;][vc_custom_heading text=&#8221;HAGA UN PLAN PARA VOTAR&#8221; font_container=&#8221;tag:div|font_size:4vh|text_align:left|color:%23ffffff&#8221; use_theme_fonts=&#8221;yes&#8221;][\/vc_column][\/vc_row][vc_row type=&#8221;in_container&#8221; full_screen_row_position=&#8221;middle&#8221; column_margin=&#8221;90px&#8221; equal_height=&#8221;yes&#8221; content_placement=&#8221;top&#8221; column_direction=&#8221;default&#8221; column_direction_tablet=&#8221;default&#8221; column_direction_phone=&#8221;default&#8221; scene_position=&#8221;center&#8221; top_padding=&#8221;3%&#8221; bottom_padding=&#8221;3%&#8221; text_color=&#8221;dark&#8221; text_align=&#8221;left&#8221; row_border_radius=&#8221;none&#8221; row_border_radius_applies=&#8221;bg&#8221; overflow=&#8221;visible&#8221; overlay_strength=&#8221;0.3&#8243; gradient_direction=&#8221;left_to_right&#8221; shape_divider_position=&#8221;bottom&#8221; bg_image_animation=&#8221;none&#8221; shape_type=&#8221;&#8221;][vc_column column_padding=&#8221;padding-2-percent&#8221; column_padding_tablet=&#8221;inherit&#8221; column_padding_phone=&#8221;inherit&#8221; column_padding_position=&#8221;top-bottom&#8221; column_element_spacing=&#8221;default&#8221; background_color_opacity=&#8221;1&#8243; background_hover_color_opacity=&#8221;1&#8243; column_shadow=&#8221;none&#8221; column_border_radius=&#8221;none&#8221; column_link_target=&#8221;_self&#8221; column_position=&#8221;default&#8221; gradient_direction=&#8221;left_to_right&#8221; overlay_strength=&#8221;0.3&#8243; width=&#8221;1\/2&#8243; tablet_width_inherit=&#8221;default&#8221; tablet_text_alignment=&#8221;default&#8221; phone_text_alignment=&#8221;default&#8221; animation_type=&#8221;default&#8221; bg_image_animation=&#8221;none&#8221; border_type=&#8221;simple&#8221; column_border_width=&#8221;none&#8221; column_border_style=&#8221;solid&#8221;][split_line_heading animation_type=&#8221;line-reveal-by-space&#8221; font_style=&#8221;h3&#8243; text_color=&#8221;#762163&#8243; line_reveal_by_space_text_effect=&#8221;default&#8221; content_alignment=&#8221;default&#8221; mobile_content_alignment=&#8221;inherit&#8221; link_target=&#8221;_self&#8221; text_content=&#8221;\u00bfPrimera vez que votas? \u00bfHace cuanto tiempo que no votas? \u00bfNecesita votar por correo?&#8221; max_width=&#8221;500&#8243;][\/split_line_heading][vc_column_text]\n<h3 style=\"text-align: left;\">Es normal sentirse abrumado por el proceso de votaci\u00f3n. \u00a1Get Loud Arkansas est\u00e1 aqu\u00ed para ayudar!<\/h3>\n[\/vc_column_text][nectar_cta btn_style=&#8221;next-section&#8221; btn_type=&#8221;minimal-arrow&#8221; next_section_color=&#8221;#2a73ba&#8221; alignment=&#8221;center&#8221; alignment_tablet=&#8221;default&#8221; alignment_phone=&#8221;default&#8221; display_tablet=&#8221;inherit&#8221; display_phone=&#8221;inherit&#8221; font_size_desktop=&#8221;150&#8243;][\/vc_column][vc_column column_padding=&#8221;padding-5-percent&#8221; column_padding_tablet=&#8221;inherit&#8221; column_padding_phone=&#8221;inherit&#8221; column_padding_position=&#8221;all&#8221; column_element_spacing=&#8221;default&#8221; background_color_opacity=&#8221;1&#8243; background_hover_color_opacity=&#8221;1&#8243; background_image=&#8221;794&#8243; background_image_position=&#8221;center center&#8221; enable_bg_scale=&#8221;true&#8221; background_image_loading=&#8221;default&#8221; column_shadow=&#8221;none&#8221; column_border_radius=&#8221;none&#8221; column_link_target=&#8221;_self&#8221; column_position=&#8221;default&#8221; advanced_gradient_angle=&#8221;0&#8243; gradient_direction=&#8221;left_to_right&#8221; overlay_strength=&#8221;0.3&#8243; width=&#8221;1\/2&#8243; tablet_width_inherit=&#8221;default&#8221; tablet_text_alignment=&#8221;default&#8221; phone_text_alignment=&#8221;default&#8221; animation_type=&#8221;default&#8221; bg_image_animation=&#8221;zoom-out-reveal&#8221; border_type=&#8221;simple&#8221; column_border_width=&#8221;none&#8221; column_border_style=&#8221;solid&#8221; offset=&#8221;vc_hidden-sm vc_hidden-xs&#8221; gradient_type=&#8221;default&#8221;][divider line_type=&#8221;No Line&#8221; custom_height=&#8221;300&#8243;][\/vc_column][\/vc_row][vc_row type=&#8221;full_width_background&#8221; full_screen_row_position=&#8221;middle&#8221; column_margin=&#8221;default&#8221; column_direction=&#8221;default&#8221; column_direction_tablet=&#8221;default&#8221; column_direction_phone=&#8221;default&#8221; bg_color=&#8221;#f9f9f9&#8243; scene_position=&#8221;center&#8221; top_padding=&#8221;4%&#8221; constrain_group_1=&#8221;yes&#8221; bottom_padding=&#8221;4%&#8221; text_color=&#8221;dark&#8221; text_align=&#8221;left&#8221; row_border_radius=&#8221;none&#8221; row_border_radius_applies=&#8221;bg&#8221; overflow=&#8221;visible&#8221; disable_element=&#8221;yes&#8221; advanced_gradient_angle=&#8221;0&#8243; overlay_strength=&#8221;0.3&#8243; gradient_direction=&#8221;left_to_right&#8221; shape_divider_position=&#8221;bottom&#8221; bg_image_animation=&#8221;none&#8221; shape_type=&#8221;&#8221; gradient_type=&#8221;default&#8221;][vc_column column_padding=&#8221;no-extra-padding&#8221; column_padding_tablet=&#8221;inherit&#8221; column_padding_phone=&#8221;inherit&#8221; column_padding_position=&#8221;all&#8221; column_element_spacing=&#8221;default&#8221; background_color_opacity=&#8221;1&#8243; background_hover_color_opacity=&#8221;1&#8243; column_shadow=&#8221;none&#8221; column_border_radius=&#8221;none&#8221; column_link_target=&#8221;_self&#8221; column_position=&#8221;default&#8221; gradient_direction=&#8221;left_to_right&#8221; overlay_strength=&#8221;0.3&#8243; width=&#8221;1\/1&#8243; tablet_width_inherit=&#8221;default&#8221; tablet_text_alignment=&#8221;default&#8221; phone_text_alignment=&#8221;default&#8221; animation_type=&#8221;default&#8221; bg_image_animation=&#8221;none&#8221; border_type=&#8221;simple&#8221; column_border_width=&#8221;none&#8221; column_border_style=&#8221;solid&#8221;][vc_custom_heading text=&#8221;HAGA UN PLAN PARA VOTAR&#8221; font_container=&#8221;tag:h2|text_align:center|color:%23792766&#8243; use_theme_fonts=&#8221;yes&#8221;][divider line_type=&#8221;Full Width Line&#8221; line_thickness=&#8221;1&#8243; divider_color=&#8221;accent-color&#8221; custom_height=&#8221;30&#8243;][vckit_workflow animate=&#8221;yes&#8221; tutorial=&#8221;&#8221; line_color=&#8221;#3d4b6e&#8221; circle_border=&#8221;#f58b59&#8243; circle_bg=&#8221;#f58b59&#8243; id=&#8221;vckit_id_106304458ec950c&#8221;][vckit_workflow_item image_float=&#8221;yes&#8221; image_alignment=&#8221;right&#8221; tutorial=&#8221;&#8221; title=&#8221;1 &#8211; Verify Voter Registration&#8221; image=&#8221;798&#8243;]Make sure you\u2019re registered to vote <a class=\"action_link\" href=\"https:\/\/www.voterview.ar-nova.org\/voterview\" target=\"_blank\" rel=\"noopener noreferrer\">HERE<\/a>[\/vckit_workflow_item][vckit_workflow_item image_alignment=&#8221;left&#8221; tutorial=&#8221;&#8221; title=&#8221;2 &#8211; Decide How to Vote&#8221; image=&#8221;798&#8243;]\n<ol>\n<li><strong>Vote from Home.<\/strong> Also known as absentee voting or vote by mail, this method of voting is a great option for individuals who are traveling, aren&#8217;t able to vote in person, or prefer to vote from home.<\/li>\n<li><strong>Vote Early. <\/strong>Registered Arkansas voters can cast their ballot in person during the two weeks leading up to Election Day.<\/li>\n<li><strong>Vote on Election Day. <\/strong>Election Day in person voting is classic. Polls are open statewide from 7:30am to 7:30pm.<\/li>\n<\/ol>\n[\/vckit_workflow_item][vckit_workflow_item image_float=&#8221;yes&#8221; image_alignment=&#8221;left&#8221; tutorial=&#8221;&#8221; title=&#8221;3 &#8211; If You Decide to Vote From Home&#8221; image=&#8221;798&#8243; subtitle=&#8221;This is what you will need to do:&#8221;]\n<ol>\n<li style=\"text-align: left;\"><strong>Fill out an absentee ballot application.<\/strong> Download the application <a href=\"https:\/\/www.sos.arkansas.gov\/elections\/voter-information\/absentee-voting\">HERE. <\/a>The deadline to submit an absentee ballot application by mail is 7 days before the election.<\/li>\n<li style=\"text-align: left;\"><strong>Once your ballot arrives, complete it with your selections.<\/strong><\/li>\n<li style=\"text-align: left;\"><strong>Provide a copy of your valid ID.<\/strong><\/li>\n<li style=\"text-align: left;\"><strong>Return your ballot by the election deadline. <\/strong>Completed absentee ballots returned by mail must be received at the clerks office by 7:30 p.m. on Election Day in order to be counted.<\/li>\n<\/ol>\n<p style=\"text-align: right;\">Learn more about absentee voting <a class=\"action_link\" href=\"https:\/\/www.voteriders.org\/ufaqs\/arkansas-id-requirements-for-voting-by-mail\/\" target=\"_blank\" rel=\"noopener noreferrer\">HERE<\/a>.<\/p>\n[\/vckit_workflow_item][vckit_workflow_item image_alignment=&#8221;left&#8221; tutorial=&#8221;&#8221; title=&#8221;4 &#8211; If You Decide to Vote In Person&#8221; image=&#8221;798&#8243; subtitle=&#8221;This is what you will need to do:&#8221;]\n<ol>\n<li><strong>Grab your ID.<\/strong> Most photo ID cards issued by the United States, the State of Arkansas, or an accredited post-secondary educational institution in the State of Arkansas are considered valid identification. Voters who do not possess a valid ID may obtain a free voter verification card at their county clerk\u2019s office.<\/li>\n<li><strong>Show up at the polls.<\/strong> Your polling site is listed on your voter registration card or you can find it <a class=\"action_link\" href=\"https:\/\/www.voterview.ar-nova.org\/voterview\" target=\"_blank\" rel=\"noopener noreferrer\">HERE.<\/a><\/li>\n<li><strong>Check in<\/strong>. There will be poll workers there to greet you. They will ask you for your name, to see your ID, and to confirm your current address.<\/li>\n<li><strong>Sign your name. <\/strong>Now you can go vote!<\/li>\n<\/ol>\n<p>Learn more about voting in Arkansas <a href=\"https:\/\/www.sos.arkansas.gov\/elections\/voter-information\/voter-registration-information\/voting-in-arkansas\">HERE<\/a>[\/vckit_workflow_item][vckit_workflow_item image_float=&#8221;yes&#8221; image_alignment=&#8221;left&#8221; tutorial=&#8221;&#8221; title=&#8221;5 &#8211; Cast your ballot&#8221; image=&#8221;798&#8243;]\n<ol>\n<li><strong>Paper or Plastic.<\/strong> Depending on your polling site, you may cast your vote on a paper ballot or on an electronic machine. Some polling sites may give you the option to decide how you\u2019d like to cast your vote.<\/li>\n<li><strong>Instructions provided. <\/strong>A poll worker will walk you through how to fill out, review, and submit your electronic or paper ballot.<\/li>\n<li><strong>Complete your ballot.<\/strong> If you have questions about how to fill out the ballot, ask a poll worker for assistance. They&#8217;ll be glad to help.<\/li>\n<li><strong>Cast your vote! <\/strong>Easy peasy, right? All that&#8217;s left is grabbing your &#8220;I Voted&#8221; sticker and posting some selfies on social media.<\/li>\n<\/ol>\n[\/vckit_workflow_item][\/vckit_workflow][\/vc_column][\/vc_row][vc_row type=&#8221;full_width_background&#8221; full_screen_row_position=&#8221;middle&#8221; column_margin=&#8221;default&#8221; column_direction=&#8221;default&#8221; column_direction_tablet=&#8221;default&#8221; column_direction_phone=&#8221;default&#8221; bg_color=&#8221;#2a73ba&#8221; scene_position=&#8221;center&#8221; top_padding=&#8221;5%&#8221; text_color=&#8221;light&#8221; text_align=&#8221;left&#8221; row_border_radius=&#8221;none&#8221; row_border_radius_applies=&#8221;bg&#8221; overflow=&#8221;visible&#8221; advanced_gradient_angle=&#8221;0&#8243; overlay_strength=&#8221;0.3&#8243; gradient_direction=&#8221;left_to_right&#8221; shape_divider_position=&#8221;bottom&#8221; bg_image_animation=&#8221;none&#8221; shape_type=&#8221;&#8221; gradient_type=&#8221;default&#8221;][vc_column column_padding=&#8221;no-extra-padding&#8221; column_padding_tablet=&#8221;inherit&#8221; column_padding_phone=&#8221;inherit&#8221; column_padding_position=&#8221;all&#8221; column_element_spacing=&#8221;default&#8221; background_color_opacity=&#8221;1&#8243; background_hover_color_opacity=&#8221;1&#8243; column_shadow=&#8221;none&#8221; column_border_radius=&#8221;none&#8221; column_link_target=&#8221;_self&#8221; column_position=&#8221;default&#8221; gradient_direction=&#8221;left_to_right&#8221; overlay_strength=&#8221;0.3&#8243; width=&#8221;1\/1&#8243; tablet_width_inherit=&#8221;default&#8221; tablet_text_alignment=&#8221;default&#8221; phone_text_alignment=&#8221;default&#8221; animation_type=&#8221;default&#8221; bg_image_animation=&#8221;none&#8221; border_type=&#8221;simple&#8221; column_border_width=&#8221;none&#8221; column_border_style=&#8221;solid&#8221;][vc_custom_heading text=&#8221;Qu\u00e9 esperar de su boleta de votaci\u00f3n&#8221; font_container=&#8221;tag:h2|text_align:center|color:%23ffffff&#8221; use_theme_fonts=&#8221;yes&#8221;][divider line_type=&#8221;Full Width Line&#8221; line_thickness=&#8221;1&#8243; divider_color=&#8221;accent-color&#8221; custom_height=&#8221;30&#8243;][vc_column_text css=&#8221;.vc_custom_1649264958367{margin-top: 30px !important;}&#8221;]\n<p style=\"text-align: center;\"><strong>Estas son algunas de las elecciones que pueden aparecer en su boleta.<\/strong><\/p>\n[\/vc_column_text][\/vc_column][\/vc_row][vc_row type=&#8221;full_width_background&#8221; full_screen_row_position=&#8221;middle&#8221; column_margin=&#8221;default&#8221; column_direction=&#8221;default&#8221; column_direction_tablet=&#8221;default&#8221; column_direction_phone=&#8221;default&#8221; bg_color=&#8221;#2a73ba&#8221; scene_position=&#8221;center&#8221; bottom_padding=&#8221;5%&#8221; text_color=&#8221;light&#8221; text_align=&#8221;left&#8221; row_border_radius=&#8221;none&#8221; row_border_radius_applies=&#8221;bg&#8221; overflow=&#8221;visible&#8221; advanced_gradient_angle=&#8221;0&#8243; overlay_strength=&#8221;0.3&#8243; gradient_direction=&#8221;left_to_right&#8221; shape_divider_position=&#8221;bottom&#8221; bg_image_animation=&#8221;none&#8221; shape_type=&#8221;&#8221; gradient_type=&#8221;default&#8221;][vc_column column_padding=&#8221;no-extra-padding&#8221; column_padding_tablet=&#8221;inherit&#8221; column_padding_phone=&#8221;inherit&#8221; column_padding_position=&#8221;all&#8221; column_element_spacing=&#8221;default&#8221; background_color_opacity=&#8221;1&#8243; background_hover_color_opacity=&#8221;1&#8243; column_shadow=&#8221;none&#8221; column_border_radius=&#8221;none&#8221; column_link_target=&#8221;_self&#8221; column_position=&#8221;default&#8221; gradient_direction=&#8221;left_to_right&#8221; overlay_strength=&#8221;0.3&#8243; width=&#8221;1\/6&#8243; tablet_width_inherit=&#8221;default&#8221; tablet_text_alignment=&#8221;default&#8221; phone_text_alignment=&#8221;default&#8221; animation_type=&#8221;default&#8221; bg_image_animation=&#8221;none&#8221; border_type=&#8221;simple&#8221; column_border_width=&#8221;none&#8221; column_border_style=&#8221;solid&#8221;][\/vc_column][vc_column column_padding=&#8221;no-extra-padding&#8221; column_padding_tablet=&#8221;inherit&#8221; column_padding_phone=&#8221;inherit&#8221; column_padding_position=&#8221;all&#8221; column_element_spacing=&#8221;default&#8221; background_color_opacity=&#8221;1&#8243; background_hover_color_opacity=&#8221;1&#8243; column_shadow=&#8221;none&#8221; column_border_radius=&#8221;none&#8221; column_link_target=&#8221;_self&#8221; column_position=&#8221;default&#8221; gradient_direction=&#8221;left_to_right&#8221; overlay_strength=&#8221;0.3&#8243; width=&#8221;2\/3&#8243; tablet_width_inherit=&#8221;default&#8221; tablet_text_alignment=&#8221;default&#8221; phone_text_alignment=&#8221;default&#8221; animation_type=&#8221;default&#8221; bg_image_animation=&#8221;none&#8221; border_type=&#8221;simple&#8221; column_border_width=&#8221;none&#8221; column_border_style=&#8221;solid&#8221;][toggles style=&#8221;minimal&#8221; accordion=&#8221;true&#8221; accordion_starting_functionality=&#8221;default&#8221;][toggle color=&#8221;Default&#8221; title=&#8221;Juez de Paz (JP)&#8221;][vc_column_text]Los Jueces de Paz (JP) sirven en el Tribunal de Qu\u00f3rum, pero no tienen responsabilidades judiciales. Piensa en ellas como los consejeros municipales de tu condado. Administran el presupuesto del condado, los servicios de emergencia y de aplicaci\u00f3n de la ley del condado y la infraestructura del condado, como carreteras y puentes. La mayor\u00eda de los condados se dividen en diferentes distritos de JP, y cada JP se postula para la reelecci\u00f3n cada 4 a\u00f1os.[\/vc_column_text][vc_column_text][\/vc_column_text][\/toggle][toggle color=&#8221;Default&#8221; title=&#8221;D\u00e9legado Municipal&#8221;][vc_column_text]Los miembros del consejo de la ciudad (a veces llamados concejales) trabajan con el alcalde para administrar los asuntos de la ciudad, como los servicios p\u00fablicos, las carreteras, el estacionamiento, las aceras, las leyes de la ciudad, los requisitos de zonificaci\u00f3n, etc. Las ciudades se dividen en distritos y muchas ciudades tienen dos miembros del consejo por distrito. Sus a\u00f1os de reelecci\u00f3n son escalonados. Cada ciudad tiene su propio m\u00e9todo. Comun\u00edquese con el secretario de su ciudad o la oficina del alcalde para obtener informaci\u00f3n detallada.[\/vc_column_text][\/toggle][toggle color=&#8221;Default&#8221; title=&#8221;Alcalde&#8221;][vc_column_text]Tu alcalde es como el presidente o director ejecutivo de tu ciudad. Trabajan con el delegado municipal y los departamentos de la ciudad para llevar a cabo los asuntos de la ciudad. Adem\u00e1s, los alcaldes suelen desempe\u00f1ar un papel importante en el desarrollo econ\u00f3mico local.[\/vc_column_text][\/toggle][toggle color=&#8221;Default&#8221; title=&#8221;Representante Estatal&#8221;][vc_column_text]La C\u00e1mara de Representantes de Arkansas est\u00e1 compuesta por 100 representantes estatales electos. Se re\u00fanen en el edificio del capitolio estatal en Little Rock para aprobar nuevas leyes, debatir cuestiones de pol\u00edtica p\u00fablica, establecer niveles de gasto estatal y aumentar o reducir los impuestos. Las carreras de representantes estatales son carreras partidistas, lo que significa que tienen una afiliaci\u00f3n a un partido pol\u00edtico. Cada representante estatal es elegido para representar aproximadamente a 31,000 habitantes de Arkansas en su distrito. Debido a la redistribuci\u00f3n de distritos, los 100 representantes estatales de Arkansas estar\u00e1n listos para la reelecci\u00f3n en 2022.[\/vc_column_text][\/toggle][toggle color=&#8221;Default&#8221; title=&#8221;Senado Estatal&#8221;][vc_column_text]Hay 35 Senadores Estatales en Arkansas que se re\u00fanen en Little Rock para redactar leyes que afectan a los habitantes de Arkansas. Las contiendas para el Senado estatal son partidistas, lo que significa que tienen una afiliaci\u00f3n a un partido pol\u00edtico. Tienden a representar grandes regiones del estado. El senador estatal promedio representa alrededor de 83,000 habitantes de Arkansas. Los representantes estatales y los senadores estatales trabajan juntos para aprobar leyes, establecer el presupuesto estatal y determinar c\u00f3mo se gastan los d\u00f3lares de los impuestos. Debido a la redistribuci\u00f3n de distritos, los 35 senadores estatales est\u00e1n listos para la reelecci\u00f3n en 2022.[\/vc_column_text][\/toggle][toggle color=&#8221;Default&#8221; title=&#8221;Jueces&#8221;][vc_column_text]En 2022, algunos puestos de jueces estar\u00e1n en la boleta electoral. Estas NO son carreras partidistas, lo que significa que estos jueces no est\u00e1n afiliados a un partido pol\u00edtico. Los jueces electos en Arkansas tienen la tarea de interpretar y aplicar las leyes con precisi\u00f3n. Los distritos judiciales tienden a abarcar varios condados. La mayor\u00eda de las contiendas judiciales se decidir\u00e1n en las elecciones primarias de mayo y aparecer\u00e1n en las boletas de las primarias de ambos partidos.[\/vc_column_text][\/toggle][toggle color=&#8221;Default&#8221; title=&#8221;C\u00e1mara de Representantes de los Estados Unidos (Congreso)&#8221;][vc_column_text]Arkansas tiene cuatro distritos del Congreso que abarcan grandes extensiones del estado. Los representantes del Congreso son elegidos para ir a Washington, D.C. y representar a los habitantes de Arkansas en la capital de la naci\u00f3n. Cada dos a\u00f1os, cada uno de estos cargos tiene que ser re-elegido.[\/vc_column_text][\/toggle][toggle color=&#8221;Default&#8221; title=&#8221;Senado de los Estados Unidos&#8221;][vc_column_text]Arkansas tiene dos Senadores que representan a todo el estado. Cada Senador debe presentarse a la reelecci\u00f3n cada 6 a\u00f1os; algunos a\u00f1os, no hay carreras para el Senado en la boleta electoral. Los senadores son elegidos para representar a todo el estado en Washington, DC. Trabajan con la C\u00e1mara de Representantes (Congreso) para llevar la legislaci\u00f3n al Presidente, para que se convierta en ley.[\/vc_column_text][\/toggle][\/toggles][\/vc_column][\/vc_row]\n","protected":false},"excerpt":{"rendered":"<p>[vc_row type=&#8221;full_width_background&#8221; full_screen_row_position=&#8221;middle&#8221; column_margin=&#8221;default&#8221; column_direction=&#8221;default&#8221; column_direction_tablet=&#8221;default&#8221; column_direction_phone=&#8221;default&#8221; bg_color=&#8221;#cdebec&#8221; bg_image=&#8221;615&#8243; bg_position=&#8221;left top&#8221; background_image_loading=&#8221;default&#8221; bg_repeat=&#8221;no-repeat&#8221; scene_position=&#8221;center&#8221; top_padding=&#8221;10%&#8221; bottom_padding=&#8221;6%&#8221; top_padding_tablet=&#8221;14%&#8221; bottom_padding_tablet=&#8221;10%&#8221;&#8230;<\/p>\n","protected":false},"author":1,"featured_media":0,"parent":0,"menu_order":0,"comment_status":"closed","ping_status":"closed","template":"","meta":{"_eb_attr":"","footnotes":""},"class_list":["post-994","page","type-page","status-publish"],"_links":{"self":[{"href":"https:\/\/getloudarkansas.org\/es\/wp-json\/wp\/v2\/pages\/994","targetHints":{"allow":["GET"]}}],"collection":[{"href":"https:\/\/getloudarkansas.org\/es\/wp-json\/wp\/v2\/pages"}],"about":[{"href":"https:\/\/getloudarkansas.org\/es\/wp-json\/wp\/v2\/types\/page"}],"author":[{"embeddable":true,"href":"https:\/\/getloudarkansas.org\/es\/wp-json\/wp\/v2\/users\/1"}],"replies":[{"embeddable":true,"href":"https:\/\/getloudarkansas.org\/es\/wp-json\/wp\/v2\/comments?post=994"}],"version-history":[{"count":0,"href":"https:\/\/getloudarkansas.org\/es\/wp-json\/wp\/v2\/pages\/994\/revisions"}],"wp:attachment":[{"href":"https:\/\/getloudarkansas.org\/es\/wp-json\/wp\/v2\/media?parent=994"}],"curies":[{"name":"wp","href":"https:\/\/api.w.org\/{rel}","templated":true}]}}